{"id":13,"date":"2018-10-13T14:12:37","date_gmt":"2018-10-13T14:12:37","guid":{"rendered":"https:\/\/lafamilia-gaming.com\/forum\/?page_id=13"},"modified":"2020-08-25T16:47:14","modified_gmt":"2020-08-25T14:47:14","slug":"spenden","status":"publish","type":"page","link":"https:\/\/lafamilia-gaming.com\/forum\/spenden\/","title":{"rendered":"SPENDEN"},"content":{"rendered":"\t\t<div data-elementor-type=\"wp-post\" data-elementor-id=\"13\" class=\"elementor elementor-13\">\n\t\t\t\t\t\t<section class=\"elementor-section elementor-top-section elementor-element elementor-element-b4b70b5 elementor-section-boxed elementor-section-height-default elementor-section-height-default\" data-id=\"b4b70b5\" data-element_type=\"section\" data-e-type=\"section\">\n\t\t\t\t\t\t<div class=\"elementor-container elementor-column-gap-default\">\n\t\t\t\t\t<div class=\"elementor-column elementor-col-100 elementor-top-column elementor-element elementor-element-40d2f5d\" data-id=\"40d2f5d\" data-element_type=\"column\" data-e-type=\"column\">\n\t\t\t<div class=\"elementor-widget-wrap elementor-element-populated\">\n\t\t\t\t\t\t<div class=\"elementor-element elementor-element-11c4902 elementor-widget elementor-widget-text-editor\" data-id=\"11c4902\" data-element_type=\"widget\" data-e-type=\"widget\" data-widget_type=\"text-editor.default\">\n\t\t\t\t<div class=\"elementor-widget-container\">\n\t\t\t\t\t\t\t\t\t<p style=\"text-align: center;\">Unser Clan erhebt keinen Mitgliedbeitrag.<br \/>Alle unsere Server stellen wir den Membern und der Community kostenfrei zur Verf\u00fcgung.<\/p><p>Das bedeutet aber auch, dass wir uns \u00fcber Spenden finanzieren.<br \/>Wir sind um jede Spende dankbar!<\/p>\t\t\t\t\t\t\t\t<\/div>\n\t\t\t\t<\/div>\n\t\t\t\t\t<\/div>\n\t\t<\/div>\n\t\t\t\t\t<\/div>\n\t\t<\/section>\n\t\t\t\t<section class=\"elementor-section elementor-top-section elementor-element elementor-element-8c78f3a elementor-section-boxed elementor-section-height-default elementor-section-height-default\" data-id=\"8c78f3a\" data-element_type=\"section\" data-e-type=\"section\">\n\t\t\t\t\t\t<div class=\"elementor-container elementor-column-gap-default\">\n\t\t\t\t\t<div class=\"elementor-column elementor-col-100 elementor-top-column elementor-element elementor-element-b953aae\" data-id=\"b953aae\" data-element_type=\"column\" data-e-type=\"column\">\n\t\t\t<div class=\"elementor-widget-wrap elementor-element-populated\">\n\t\t\t\t\t\t<div class=\"elementor-element elementor-element-3e00e6d elementor-widget elementor-widget-image\" data-id=\"3e00e6d\" data-element_type=\"widget\" data-e-type=\"widget\" data-widget_type=\"image.default\">\n\t\t\t\t<div class=\"elementor-widget-container\">\n\t\t\t\t\t\t\t\t\t\t\t\t\t\t\t\t<a href=\"https:\/\/www.paypal.me\/LaFamaliaGaming\" target=\"_blank\" rel=\"nofollow\">\n\t\t\t\t\t\t\t<img decoding=\"async\" src=\"https:\/\/lafamilia-gaming.com\/forum\/wp-content\/uploads\/2018\/10\/Paypal-e1539547284986.png\" title=\"Paypal\" alt=\"Paypal\" loading=\"lazy\" \/>\t\t\t\t\t\t\t\t<\/a>\n\t\t\t\t\t\t\t\t\t\t\t\t\t\t\t<\/div>\n\t\t\t\t<\/div>\n\t\t\t\t\t<\/div>\n\t\t<\/div>\n\t\t\t\t\t<\/div>\n\t\t<\/section>\n\t\t\t\t<section class=\"elementor-section elementor-top-section elementor-element elementor-element-4e1fbcb elementor-section-boxed elementor-section-height-default elementor-section-height-default\" data-id=\"4e1fbcb\" data-element_type=\"section\" data-e-type=\"section\">\n\t\t\t\t\t\t<div class=\"elementor-container elementor-column-gap-default\">\n\t\t\t\t\t<div class=\"elementor-column elementor-col-100 elementor-top-column elementor-element elementor-element-54e4248\" data-id=\"54e4248\" data-element_type=\"column\" data-e-type=\"column\">\n\t\t\t<div class=\"elementor-widget-wrap elementor-element-populated\">\n\t\t\t\t\t\t<div class=\"elementor-element elementor-element-187d31b elementor-widget elementor-widget-text-editor\" data-id=\"187d31b\" data-element_type=\"widget\" data-e-type=\"widget\" data-widget_type=\"text-editor.default\">\n\t\t\t\t<div class=\"elementor-widget-container\">\n\t\t\t\t\t\t\t\t\t<h2 style=\"text-align: center;\">Vielen Dank!<\/h2>\t\t\t\t\t\t\t\t<\/div>\n\t\t\t\t<\/div>\n\t\t\t\t\t<\/div>\n\t\t<\/div>\n\t\t\t\t\t<\/div>\n\t\t<\/section>\n\t\t\t\t<section class=\"elementor-section elementor-top-section elementor-element elementor-element-e92e35d elementor-section-boxed elementor-section-height-default elementor-section-height-default\" data-id=\"e92e35d\" data-element_type=\"section\" data-e-type=\"section\">\n\t\t\t\t\t\t<div class=\"elementor-container elementor-column-gap-default\">\n\t\t\t\t\t<div class=\"elementor-column elementor-col-100 elementor-top-column elementor-element elementor-element-240b901\" data-id=\"240b901\" data-element_type=\"column\" data-e-type=\"column\">\n\t\t\t<div class=\"elementor-widget-wrap elementor-element-populated\">\n\t\t\t\t\t\t<div class=\"elementor-element elementor-element-fc4e611 elementor-widget elementor-widget-heading\" data-id=\"fc4e611\" data-element_type=\"widget\" data-e-type=\"widget\" data-widget_type=\"heading.default\">\n\t\t\t\t<div class=\"elementor-widget-container\">\n\t\t\t\t\t<h1 class=\"elementor-heading-title elementor-size-default\">Spenden\u00fcbersicht<\/h1>\t\t\t\t<\/div>\n\t\t\t\t<\/div>\n\t\t\t\t\t<\/div>\n\t\t<\/div>\n\t\t\t\t\t<\/div>\n\t\t<\/section>\n\t\t\t\t<section class=\"elementor-section elementor-top-section elementor-element elementor-element-b2faa65 elementor-section-boxed elementor-section-height-default elementor-section-height-default\" data-id=\"b2faa65\" data-element_type=\"section\" data-e-type=\"section\">\n\t\t\t\t\t\t<div class=\"elementor-container elementor-column-gap-default\">\n\t\t\t\t\t<div class=\"elementor-column elementor-col-100 elementor-top-column elementor-element elementor-element-a08d328\" data-id=\"a08d328\" data-element_type=\"column\" data-e-type=\"column\">\n\t\t\t<div class=\"elementor-widget-wrap elementor-element-populated\">\n\t\t\t\t\t\t<div class=\"elementor-element elementor-element-01d9482 elementor-widget elementor-widget-text-editor\" data-id=\"01d9482\" data-element_type=\"widget\" data-e-type=\"widget\" data-widget_type=\"text-editor.default\">\n\t\t\t\t<div class=\"elementor-widget-container\">\n\t\t\t\t\t\t\t\t\t<table class=\"table highlight\">\n<thead>\n<tr>\n<th class=\"td-center\">Spender<\/th>\n<th class=\"td-center\" style=\"text-align: left;\">Betrag<\/th>\n<th class=\"td-center\" style=\"text-align: right;\">Datum<\/th>\n<\/tr>\n<\/thead>\n<tbody>\n<tr>\n<td class=\"td-center\">Sirius_SwaggerDE<\/td>\n<td class=\"td-center\" style=\"text-align: left;\">20,20\u20ac<\/td>\n<td class=\"td-center\" style=\"text-align: right;\">07.03.2020<\/td>\n<\/tr>\n<tr>\n<td class=\"td-center\">Jumittaja<\/td>\n<td class=\"td-center\" style=\"text-align: left;\">20,00\u20ac<\/td>\n<td class=\"td-center\" style=\"text-align: right;\">01.10.2019<\/td>\n<\/tr>\n<tr>\n<td class=\"td-center\">OriginalEasyM<\/td>\n<td class=\"td-center\" style=\"text-align: left;\">10,56\u20ac<\/td>\n<td class=\"td-center\" style=\"text-align: right;\">01.09.2019<\/td>\n<\/tr>\n<tr>\n<td class=\"td-center\">Marva<\/td>\n<td class=\"td-center\" style=\"text-align: left;\">5,00\u20ac<\/td>\n<td class=\"td-center\" style=\"text-align: right;\">30.08.2019<\/td>\n<\/tr>\n<tr>\n<td class=\"td-center\">VM_59_DK<\/td>\n<td class=\"td-center\" style=\"text-align: left;\">10,00\u20ac<\/td>\n<td class=\"td-center\" style=\"text-align: right;\">11.06.2019<\/td>\n<\/tr>\n<tr>\n<td class=\"td-center\">TheOriginalEasyM<\/td>\n<td class=\"td-center\" style=\"text-align: left;\">10,90\u20ac<\/td>\n<td class=\"td-center\" style=\"text-align: right;\">23.05.2019<\/td>\n<\/tr>\n<tr>\n<td class=\"td-center\">Dzimitri (??)<\/td>\n<td class=\"td-center\" style=\"text-align: left;\">9,07\u20ac<\/td>\n<td class=\"td-center\" style=\"text-align: right;\">14.05.2019<\/td>\n<\/tr>\n<tr>\n<td class=\"td-center\">Smallpulha<\/td>\n<td class=\"td-center\" style=\"text-align: left;\">10,00\u20ac<\/td>\n<td class=\"td-center\" style=\"text-align: right;\">11.05.2019<\/td>\n<\/tr>\n<tr>\n<td class=\"td-center\">Dannyboy<\/td>\n<td class=\"td-center\" style=\"text-align: left;\">15,00\u20ac<\/td>\n<td class=\"td-center\" style=\"text-align: right;\">12.04.2019<\/td>\n<\/tr>\n<tr>\n<td class=\"td-center\">Jumittaja<\/td>\n<td class=\"td-center\" style=\"text-align: left;\">41,00\u20ac<\/td>\n<td class=\"td-center\" style=\"text-align: right;\">16.03.2019<\/td>\n<\/tr>\n<tr>\n<td class=\"td-center\">TheOriginalEasyM<\/td>\n<td class=\"td-center\" style=\"text-align: left;\">10,00\u20ac<\/td>\n<td class=\"td-center\" style=\"text-align: right;\">16.03.2019<\/td>\n<\/tr>\n<tr>\n<td class=\"td-center\">Pist0l0nly<\/td>\n<td class=\"td-center\" style=\"text-align: left;\">10,00\u20ac<\/td>\n<td class=\"td-center\" style=\"text-align: right;\">08.03.2019<\/td>\n<\/tr>\n<tr>\n<td class=\"td-center\">Smallpuha<\/td>\n<td class=\"td-center\" style=\"text-align: left;\">10,00\u20ac<\/td>\n<td class=\"td-center\" style=\"text-align: right;\">08.03.2019<\/td>\n<\/tr>\n<tr>\n<td class=\"td-center\">reyadon<\/td>\n<td class=\"td-center\" style=\"text-align: left;\">10,00\u20ac<\/td>\n<td class=\"td-center\" style=\"text-align: right;\">01.01.2019<\/td>\n<\/tr>\n<tr>\n<td class=\"td-center\">TheOriginalEasyM<\/td>\n<td class=\"td-center\" style=\"text-align: left;\">5,00\u20ac<\/td>\n<td class=\"td-center\" style=\"text-align: right;\">26.12.2018<\/td>\n<\/tr>\n<tr>\n<td class=\"td-center\">Mepo<\/td>\n<td class=\"td-center\" style=\"text-align: left;\">10,00\u20ac<\/td>\n<td class=\"td-center\" style=\"text-align: right;\">23.12.2018<\/td>\n<\/tr>\n\n<tr>\n<td class=\"td-center\">Grawallschachdl<\/td>\n<td class=\"td-center\" style=\"text-align: left;\">25,00\u20ac<\/td>\n<td class=\"td-center\" style=\"text-align: right;\">01.11.2018<\/td>\n<\/tr>\n<tr>\n<td class=\"td-center\">xKwanitax<\/td>\n<td class=\"td-center\" style=\"text-align: left;\">20,00\u20ac<\/td>\n<td class=\"td-center\" style=\"text-align: right;\">19.10.2018<\/td>\n<\/tr>\n<tr>\n<td class=\"td-center\">sictpack<\/td>\n<td class=\"td-center\" style=\"text-align: left;\">20,00\u20ac<\/td>\n<td class=\"td-center\" style=\"text-align: right;\">19.10.2018<\/td>\n<\/tr>\n<tr>\n<td class=\"td-center\">KaptnKarracho<\/td>\n<td class=\"td-center\" style=\"text-align: left;\">15,00\u20ac<\/td>\n<td class=\"td-center\" style=\"text-align: right;\">18.10.2018<\/td>\n<\/tr>\n<tr>\n<td class=\"td-center\">VM_59_DK<\/td>\n<td class=\"td-center\" style=\"text-align: left;\">40,00\u20ac<\/td>\n<td class=\"td-center\" style=\"text-align: right;\">12.10.2018<\/td>\n<\/tr>\n<tr>\n<td class=\"td-center\">KeinZielWasser<\/td>\n<td class=\"td-center\" style=\"text-align: left;\">20,00\u20ac<\/td>\n<td class=\"td-center\" style=\"text-align: right;\">12.10.2018<\/td>\n<\/tr>\n<tr>\n<td class=\"td-center\">Coda_Live<\/td>\n<td class=\"td-center\" style=\"text-align: left;\">10,00\u20ac<\/td>\n<td class=\"td-center\" style=\"text-align: right;\">12.10.2018<\/td>\n<\/tr>\n<tr>\n<td class=\"td-center\">Mepo<\/td>\n<td class=\"td-center\" style=\"text-align: left;\">20,00\u20ac<\/td>\n<td class=\"td-center\" style=\"text-align: right;\">11.10.2018<\/td>\n<\/tr>\n<tr>\n<td class=\"td-center\">fa-str<\/td>\n<td class=\"td-center\" style=\"text-align: left;\">20,00\u20ac<\/td>\n<td class=\"td-center\" style=\"text-align: right;\">11.10.2018<\/td>\n<\/tr>\n<tr>\n<td class=\"td-center\">SebbiHonk<\/td>\n<td class=\"td-center\" style=\"text-align: left;\">10,00\u20ac<\/td>\n<td class=\"td-center\" style=\"text-align: right;\">11.10.2018<\/td>\n<\/tr>\n<tr>\n<td class=\"td-center\">Shaidan<\/td>\n<td class=\"td-center\" style=\"text-align: left;\">30,00\u20ac<\/td>\n<td class=\"td-center\" style=\"text-align: right;\">11.10.2018<\/td>\n<\/tr>\n<tr>\n<td class=\"td-center\">TheOriginalEasyM<\/td>\n<td class=\"td-center\" style=\"text-align: left;\">25,00\u20ac<\/td>\n<td class=\"td-center\" style=\"text-align: right;\">27.08.2018<\/td>\n<\/tr>\n<tr>\n<td class=\"td-center\">LowGraphX<\/td>\n<td class=\"td-center\" style=\"text-align: left;\">2,00\u20ac<\/td>\n<td class=\"td-center\" style=\"text-align: right;\">27.08.2018<\/td>\n<\/tr>\n<\/tbody>\n<\/table>\t\t\t\t\t\t\t\t<\/div>\n\t\t\t\t<\/div>\n\t\t\t\t\t<\/div>\n\t\t<\/div>\n\t\t\t\t\t<\/div>\n\t\t<\/section>\n\t\t\t\t<section class=\"elementor-section elementor-top-section elementor-element elementor-element-fa606a3 elementor-section-boxed elementor-section-height-default elementor-section-height-default\" data-id=\"fa606a3\" data-element_type=\"section\" data-e-type=\"section\">\n\t\t\t\t\t\t<div class=\"elementor-container elementor-column-gap-default\">\n\t\t\t\t\t<div class=\"elementor-column elementor-col-100 elementor-top-column elementor-element elementor-element-2dab5ab\" data-id=\"2dab5ab\" data-element_type=\"column\" data-e-type=\"column\">\n\t\t\t<div class=\"elementor-widget-wrap elementor-element-populated\">\n\t\t\t\t\t\t<div class=\"elementor-element elementor-element-0e508dc elementor-widget elementor-widget-text-editor\" data-id=\"0e508dc\" data-element_type=\"widget\" data-e-type=\"widget\" data-widget_type=\"text-editor.default\">\n\t\t\t\t<div class=\"elementor-widget-container\">\n\t\t\t\t\t\t\t\t\t<span style=\"font-size: xx-small;\">Ber\u00fccksichtigt sind alle Spenden ab 08\/2018<\/span>\t\t\t\t\t\t\t\t<\/div>\n\t\t\t\t<\/div>\n\t\t\t\t\t<\/div>\n\t\t<\/div>\n\t\t\t\t\t<\/div>\n\t\t<\/section>\n\t\t\t\t<\/div>\n\t\t","protected":false},"excerpt":{"rendered":"<p>Unser Clan erhebt keinen Mitgliedbeitrag.Alle unsere Server stellen wir den Membern und der Community kostenfrei zur Verf\u00fcgung. Das bedeutet aber auch, dass wir uns \u00fcber Spenden finanzieren.Wir sind um jede Spende dankbar! Vielen Dank! Spenden\u00fcbersicht Spender Betrag Datum Sirius_SwaggerDE 20,20\u20ac 07.03.2020 Jumittaja 20,00\u20ac 01.10.2019 OriginalEasyM 10,56\u20ac 01.09.2019 Marva 5,00\u20ac 30.08.2019 VM_59_DK 10,00\u20ac 11.06.2019 TheOriginalEasyM 10,90\u20ac<a class=\"moretag\" href=\"https:\/\/lafamilia-gaming.com\/forum\/spenden\/\">Read more<\/a><\/p>\n","protected":false},"author":1,"featured_media":0,"parent":0,"menu_order":0,"comment_status":"closed","ping_status":"closed","template":"","meta":{"footnotes":""},"class_list":["post-13","page","type-page","status-publish","hentry"],"_links":{"self":[{"href":"https:\/\/lafamilia-gaming.com\/forum\/wp-json\/wp\/v2\/pages\/13","targetHints":{"allow":["GET"]}}],"collection":[{"href":"https:\/\/lafamilia-gaming.com\/forum\/wp-json\/wp\/v2\/pages"}],"about":[{"href":"https:\/\/lafamilia-gaming.com\/forum\/wp-json\/wp\/v2\/types\/page"}],"author":[{"embeddable":true,"href":"https:\/\/lafamilia-gaming.com\/forum\/wp-json\/wp\/v2\/users\/1"}],"replies":[{"embeddable":true,"href":"https:\/\/lafamilia-gaming.com\/forum\/wp-json\/wp\/v2\/comments?post=13"}],"version-history":[{"count":38,"href":"https:\/\/lafamilia-gaming.com\/forum\/wp-json\/wp\/v2\/pages\/13\/revisions"}],"predecessor-version":[{"id":1343,"href":"https:\/\/lafamilia-gaming.com\/forum\/wp-json\/wp\/v2\/pages\/13\/revisions\/1343"}],"wp:attachment":[{"href":"https:\/\/lafamilia-gaming.com\/forum\/wp-json\/wp\/v2\/media?parent=13"}],"curies":[{"name":"wp","href":"https:\/\/api.w.org\/{rel}","templated":true}]}}